{"id":1156,"date":"2024-09-23T18:35:38","date_gmt":"2024-09-23T18:35:38","guid":{"rendered":"https:\/\/learningvillages.eu\/?page_id=1156"},"modified":"2024-12-26T23:54:19","modified_gmt":"2024-12-26T23:54:19","slug":"deliverables-of-lvin-c","status":"publish","type":"page","link":"https:\/\/learningvillages.eu\/index.php\/deliverables-of-lvin-c\/","title":{"rendered":"Deliverables of LVIN #C"},"content":{"rendered":"<h4>Pappers &amp; Comunications<\/h4>\n<h4><strong>European workshop on rural resilience | Albe\u0219ti commune (<\/strong><em>September 10, 2024<\/em><strong>)<\/strong><\/h4>\n<ol>\n<li>Archaeology and Resilience: from antiquarians, universities, and research centers to communities, civil society, private institutions, and digital humanities | Gerardo Vidal Gon\u00e7alves (CIDEHUS Universidade de \u00c9vora &amp; AHAS; gerardo@uevora.pt &amp; Dina Borges Pereira (AHAS; dina.pereira@ahas.pt) | <a href=\"https:\/\/learningvillages.eu\/wp-content\/uploads\/2024\/09\/Archaeology-and-Resilience_eng.pdf\">PDF<\/a><\/li>\n<li>Report in Rural Resilience | <a href=\"https:\/\/drive.google.com\/file\/d\/13FoUl6eYzvZZcPFuDnWFsUkVYJI2A29L\/view?usp=sharing\">PDF<\/a><\/li>\n<li>European workshop on rural resilience | <a href=\"https:\/\/drive.google.com\/file\/d\/15CNNdiQKm_51-sNeGWzsNSQxt3FvP4gC\/view?usp=sharing\">PDF<\/a><\/li>\n<\/ol>\n<h4 class=\"entry-title\">International Conference in Cultural Heritage &amp; Natural Heritage | San Xoan de Rio &amp; A Pobra de Trives | November, 10th e 11th, 2023<\/h4>\n<ol>\n<li>The Mouru\u00e1s Sword: Cultural Heritage, Digital Humanities, and Ancient Metalcraft between the Iberian Peninsula and the Legacies of the Rhine |\u00a0Gerardo Vidal Gon\u00e7alves (gerardo@uevora.pt | CIDEHUS EU; AHAS) &amp; Dina Borges Pereira (dina.pereira@ahas.pt | AHAS) | <a href=\"https:\/\/learningvillages.eu\/wp-content\/uploads\/2024\/09\/the_wsord_otf_mouruas.pdf\">PDF<\/a><\/li>\n<li>Proceedings and chronicles of the International Conference on Cultural and Natural Heritage | <a href=\"https:\/\/drive.google.com\/file\/d\/1WBt5ud8t-NqLvLvnLqk4SY5Ki2iLdPZP\/view?usp=sharing\">PDF<\/a><\/li>\n<\/ol>\n<h4>Internacional Meeting in Community Maps and Oral Memory (July 1-5, 2024, in Cori, Italy)<\/h4>\n<ol>\n<li>Sabrosa Comunity Map | <a href=\"https:\/\/learningvillages.eu\/wp-content\/uploads\/2024\/09\/mapa_de_comunidade.jpg\">JPG<\/a> | <a href=\"https:\/\/www.ahas.pt\/community_maps\/index.html\">WebSIG Sabrosa Digital Comunity Map<\/a><\/li>\n<li>Presentation on &#8220;Sabrosa Comunity Map&#8221; | <a href=\"https:\/\/learningvillages.eu\/wp-content\/uploads\/2024\/09\/Cori_presentation_comunity_sabrosa_map.pdf\">PDF<\/a><\/li>\n<li>Albesti Community Map | <a href=\"https:\/\/drive.google.com\/file\/d\/1eZPXIEvYs8BUR_O3sEejp5KkdlE5vfeO\/view?usp=drive_link\">JPG<\/a><\/li>\n<li>Cori Community Map | <a href=\"https:\/\/drive.google.com\/file\/d\/18WnR0hIE6ewvDnFsdoN9I2ZVIsFFXbHj\/view?usp=drive_link\">JPG<\/a><\/li>\n<li>Sabrosa Community MAP | <a href=\"https:\/\/drive.google.com\/file\/d\/1QTkZ5UmICoIKB63lnRzSuJzjMe4LnoEI\/view?usp=drive_link\">JPG<\/a><\/li>\n<li>San Xoan de Rio Community Map | <a href=\"https:\/\/drive.google.com\/file\/d\/1vIuiy2PngLdIcnMEwvAftbkkXoqWZXXT\/view?usp=drive_link\">JPG<\/a><\/li>\n<li>Kanfanar Community Map | <a href=\"https:\/\/drive.google.com\/file\/d\/1TXHM0PmEJ3S1Im8FX3TyTQTEIaIWPNWp\/view?usp=drive_link\">JPG<\/a><\/li>\n<li>Integrete | <a href=\"https:\/\/drive.google.com\/file\/d\/1SdkCct3qdX3iDWQED3ji5zllp3C2TC9T\/view?usp=sharing\">PDF<\/a><\/li>\n<\/ol>\n<p><strong>International Conference on Active European Citizenship and Participatory Democracy (April, 20th, 2024, Sabrosa)<\/strong><\/p>\n<ol>\n<li>Event Report | <a href=\"https:\/\/drive.google.com\/file\/d\/1ZanWjkMiuGIvWQk2VskzADLznnutWCls\/view?usp=drive_link\">PDF<\/a><\/li>\n<li>Video Recording of the Event | <a href=\"https:\/\/youtu.be\/2R09xszWL9s?si=nNEiIMwskOjiTDhC\">Youtube project Chanel<\/a><\/li>\n<li>Book | <a href=\"https:\/\/drive.google.com\/file\/d\/1QY8W69eShfBATO-T2SZAnUH0CkWvW7NH\/view?usp=sharing\">PDF<\/a><\/li>\n<\/ol>\n<h4>Cultural Heritage Analysis Report | <a href=\"https:\/\/drive.google.com\/file\/d\/1I6rE2FroFwnZCluXJGDrw66XKv8qnu_U\/view?usp=sharing\">PDF<\/a><\/h4>\n<h4>Ethnographic and Cultural Monograph | <a href=\"https:\/\/drive.google.com\/file\/d\/1yaZ3KU5oIe6stPehW3_zbiz7bCInTrJT\/view?usp=sharing\">PDF<\/a><\/h4>\n<p><strong>International Comparative Analysis | <a href=\"https:\/\/drive.google.com\/file\/d\/1oeKAo1yt4ATv-2MkIaOqROfOJVAQb3CM\/view?usp=sharing\">PDF<\/a><\/strong><\/p>\n<h4>Scientific Article<\/h4>\n<ol>\n<li>Garc\u00eda de Le\u00f3n, M.G.U. &amp; Gon\u00e7alves, G.V. (2024). Ruralidades, patrim\u00f3nio cultural, associativismo e turismo nos tempos das humanidades digitais \u2013 Cr\u00f3nica. PASOS. Revista de Turismo y Patrimonio Cultural, 22(3), 615-624. https:\/\/doi.org\/10.25145\/j.pasos.2024.22.040\u00a0| <a href=\"https:\/\/learningvillages.eu\/wp-content\/uploads\/2024\/10\/revista_pasos_esp.pdf\">PDF<\/a><\/li>\n<li><\/li>\n<\/ol>\n<h4>Educational Workshop on Gender Impact Assessmentand | March, 4th 2024 | <a href=\"https:\/\/drive.google.com\/file\/d\/1RIXowpN9mxgJrbqyIJNkZM23wCXsTX60\/view?usp=drive_link\">PDF<\/a><\/h4>\n<ol>\n<li>Book and Resume | <a href=\"https:\/\/drive.google.com\/file\/d\/1RIXowpN9mxgJrbqyIJNkZM23wCXsTX60\/view?usp=drive_link\">PDF<\/a><\/li>\n<li>Part #1 | Maria Garcia Sanchez |\u00a0<a href=\"https:\/\/youtu.be\/-unnmk5Q-ok?si=B2qe4qAxAHAY9k0q\">Video<\/a><\/li>\n<li>Part #2 | Rita Madeira |\u00a0<a href=\"https:\/\/youtu.be\/qDqr-ArklAA?si=U1qlBzj9OqosZCKQ\">Video<\/a><\/li>\n<li>Part #3 | Andr\u00e9ia Coutinho Sim\u00f5es |\u00a0<a href=\"https:\/\/youtu.be\/wfiH5bM6yp8?si=wdOC60UFnLsDRfJb\">Video<\/a><\/li>\n<\/ol>\n<h4>Free Course on Invasive Species in rural environments<\/h4>\n<ol>\n<li>\u00a0Report on Invasive Species in Rural Environments | March, 24<sup>th<\/sup>, 2023 | <a href=\"https:\/\/drive.google.com\/file\/d\/1s7l4BbXsK0bW06L3NmGZcTpYuVVGCnWk\/view?usp=sharing\">PDF<\/a><\/li>\n<\/ol>\n<h4>Proceedings of the &#8220;1st AHAS Meeting on History, Archaeology, Cultural Heritage and Communication&#8221;, VOL 1 | <a href=\"https:\/\/drive.google.com\/file\/d\/1gyeV7tw2VWC7O9ktH8qsF9q_Advg3pbb\/view?usp=drive_link\">PDF<\/a><\/h4>\n<h4>Proceedings of the &#8220;1st AHAS Meeting on History, Archaeology, Cultural Heritage and Communication&#8221;, VOL 2 | <a href=\"https:\/\/drive.google.com\/file\/d\/1gyeV7tw2VWC7O9ktH8qsF9q_Advg3pbb\/view?usp=drive_link\">PDF<\/a><\/h4>\n<p>BOA Crisis Management in Rural Areas | <a href=\"https:\/\/drive.google.com\/file\/d\/1yAUrtnnYN7AlHM9dD13o6KP6StvsACZS\/view?usp=sharing\">PDF<\/a><\/p>\n<h4>EVENTS Playlist<\/h4>\n<ol>\n<li><a href=\"https:\/\/youtube.com\/playlist?list=PLEJZY3-o3Hmo6lCf6eAPLF5Qb_zipT3bf&amp;si=pZvpUw90S19gbRhV\">European workshop on rural resilience, SEPT, 2024<\/a><\/li>\n<li><a href=\"https:\/\/youtube.com\/playlist?list=PLEJZY3-o3HmpQN6N0GfujOzxf67lrZHxW&amp;si=sypwJEKjUA2K_ygy\">Intrenantional Meeting in Sabrosa #3, June, 2024<\/a><\/li>\n<li><a href=\"https:\/\/www.youtube.com\/playlist?list=PLEJZY3-o3HmoP-l6G7yjW-XiFXTHBpXL9\">Educational Workshop on Gender Impact Assessment | Online<\/a><\/li>\n<li><\/li>\n<\/ol>\n<p>&nbsp;<\/p>\n","protected":false},"excerpt":{"rendered":"<p>Pappers &amp; Comunications European workshop on rural resilience | Albe\u0219ti commune (September 10, 2024) Archaeology and Resilience: from antiquarians, universities, and research centers to communities, civil society, private institutions, and digital humanities | Gerardo Vidal Gon\u00e7alves (CIDEHUS Universidade de \u00c9vora &amp; AHAS; gerardo@uevora.pt &amp; Dina Borges Pereira (AHAS; dina.pereira@ahas.pt) | PDF Report in Rural Resilience&#8230;<\/p>\n","protected":false},"author":1,"featured_media":0,"parent":0,"menu_order":0,"comment_status":"closed","ping_status":"closed","template":"","meta":{"footnotes":""},"class_list":["post-1156","page","type-page","status-publish","hentry"],"_links":{"self":[{"href":"https:\/\/learningvillages.eu\/index.php\/wp-json\/wp\/v2\/pages\/1156","targetHints":{"allow":["GET"]}}],"collection":[{"href":"https:\/\/learningvillages.eu\/index.php\/wp-json\/wp\/v2\/pages"}],"about":[{"href":"https:\/\/learningvillages.eu\/index.php\/wp-json\/wp\/v2\/types\/page"}],"author":[{"embeddable":true,"href":"https:\/\/learningvillages.eu\/index.php\/wp-json\/wp\/v2\/users\/1"}],"replies":[{"embeddable":true,"href":"https:\/\/learningvillages.eu\/index.php\/wp-json\/wp\/v2\/comments?post=1156"}],"version-history":[{"count":31,"href":"https:\/\/learningvillages.eu\/index.php\/wp-json\/wp\/v2\/pages\/1156\/revisions"}],"predecessor-version":[{"id":1221,"href":"https:\/\/learningvillages.eu\/index.php\/wp-json\/wp\/v2\/pages\/1156\/revisions\/1221"}],"wp:attachment":[{"href":"https:\/\/learningvillages.eu\/index.php\/wp-json\/wp\/v2\/media?parent=1156"}],"curies":[{"name":"wp","href":"https:\/\/api.w.org\/{rel}","templated":true}]}}